{"id":1593,"date":"2020-01-19T11:13:23","date_gmt":"2020-01-19T11:13:23","guid":{"rendered":"https:\/\/www.maj.aventure-pyreneenne.com\/?page_id=1593"},"modified":"2023-01-06T18:48:41","modified_gmt":"2023-01-06T18:48:41","slug":"charte-confidentialite","status":"publish","type":"page","link":"https:\/\/www.maj.aventure-pyreneenne.com\/index.php\/charte-confidentialite\/","title":{"rendered":"Charte de confidentialit\u00e9"},"content":{"rendered":"\t\t<div data-elementor-type=\"wp-post\" data-elementor-id=\"1593\" class=\"elementor elementor-1593\">\n\t\t\t\t\t\t<section class=\"elementor-section elementor-top-section elementor-element elementor-element-9e9dad7 elementor-section-stretched elementor-section-height-min-height elementor-section-full_width elementor-section-height-default elementor-section-items-middle\" data-id=\"9e9dad7\" data-element_type=\"section\" data-settings=\"{&quot;stretch_section&quot;:&quot;section-stretched&quot;,&quot;jet_parallax_layout_list&quot;:[{&quot;jet_parallax_layout_image&quot;:{&quot;url&quot;:&quot;&quot;,&quot;id&quot;:&quot;&quot;,&quot;size&quot;:&quot;&quot;},&quot;_id&quot;:&quot;24fcdc7&quot;,&quot;jet_parallax_layout_speed&quot;:{&quot;unit&quot;:&quot;%&quot;,&quot;size&quot;:&quot;50&quot;,&quot;sizes&quot;:[]},&quot;jet_parallax_layout_bg_x&quot;:&quot;50&quot;,&quot;jet_parallax_layout_bg_y&quot;:&quot;50&quot;,&quot;jet_parallax_layout_image_tablet&quot;:{&quot;url&quot;:&quot;&quot;,&quot;id&quot;:&quot;&quot;,&quot;size&quot;:&quot;&quot;},&quot;jet_parallax_layout_image_mobile&quot;:{&quot;url&quot;:&quot;&quot;,&quot;id&quot;:&quot;&quot;,&quot;size&quot;:&quot;&quot;},&quot;jet_parallax_layout_type&quot;:&quot;scroll&quot;,&quot;jet_parallax_layout_direction&quot;:&quot;1&quot;,&quot;jet_parallax_layout_fx_direction&quot;:null,&quot;jet_parallax_layout_z_index&quot;:&quot;&quot;,&quot;jet_parallax_layout_bg_x_tablet&quot;:&quot;&quot;,&quot;jet_parallax_layout_bg_x_mobile&quot;:&quot;&quot;,&quot;jet_parallax_layout_bg_y_tablet&quot;:&quot;&quot;,&quot;jet_parallax_layout_bg_y_mobile&quot;:&quot;&quot;,&quot;jet_parallax_layout_bg_size&quot;:&quot;auto&quot;,&quot;jet_parallax_layout_bg_size_tablet&quot;:&quot;&quot;,&quot;jet_parallax_layout_bg_size_mobile&quot;:&quot;&quot;,&quot;jet_parallax_layout_animation_prop&quot;:&quot;transform&quot;,&quot;jet_parallax_layout_on&quot;:[&quot;desktop&quot;,&quot;tablet&quot;]}],&quot;background_background&quot;:&quot;classic&quot;,&quot;shape_divider_bottom&quot;:&quot;curve&quot;,&quot;shape_divider_bottom_negative&quot;:&quot;yes&quot;}\">\n\t\t\t\t\t\t\t<div class=\"elementor-background-overlay\"><\/div>\n\t\t\t\t\t\t<div class=\"elementor-shape elementor-shape-bottom\" aria-hidden=\"true\" data-negative=\"true\">\n\t\t\t<svg xmlns=\"http:\/\/www.w3.org\/2000\/svg\" viewBox=\"0 0 1000 100\" preserveAspectRatio=\"none\">\n\t<path class=\"elementor-shape-fill\" d=\"M500,97C126.7,96.3,0.8,19.8,0,0v100l1000,0V1C1000,19.4,873.3,97.8,500,97z\"\/>\n<\/svg>\t\t<\/div>\n\t\t\t\t\t<div class=\"elementor-container elementor-column-gap-default\">\n\t\t\t\t\t<div class=\"elementor-column elementor-col-100 elementor-top-column elementor-element elementor-element-81ad74f\" data-id=\"81ad74f\" data-element_type=\"column\" data-settings=\"{&quot;background_background&quot;:&quot;classic&quot;}\">\n\t\t\t<div class=\"elementor-widget-wrap elementor-element-populated\">\n\t\t\t\t\t\t<div class=\"elementor-element elementor-element-b9b73a1 elementor-tablet-align-center elementor-align-right elementor-widget__width-auto elementor-widget elementor-widget-raven-heading\" data-id=\"b9b73a1\" data-element_type=\"widget\" data-widget_type=\"raven-heading.default\">\n\t\t\t\t<div class=\"elementor-widget-container\">\n\t\t\t\t\t\t\t<div class=\"raven-widget-wrapper\"><h2 class=\"raven-heading raven-heading-h2\"><span class=\"raven-heading-title \">Politique de confidentialit\u00e9<\/span><\/h2><\/div>\n\t\t\t\t\t\t<\/div>\n\t\t\t\t<\/div>\n\t\t\t\t\t<\/div>\n\t\t<\/div>\n\t\t\t\t\t<\/div>\n\t\t<\/section>\n\t\t\t\t<section class=\"elementor-section elementor-top-section elementor-element elementor-element-cbca63e elementor-section-boxed elementor-section-height-default elementor-section-height-default\" data-id=\"cbca63e\" data-element_type=\"section\" data-settings=\"{&quot;jet_parallax_layout_list&quot;:[{&quot;jet_parallax_layout_image&quot;:{&quot;url&quot;:&quot;&quot;,&quot;id&quot;:&quot;&quot;,&quot;size&quot;:&quot;&quot;},&quot;_id&quot;:&quot;cf95016&quot;,&quot;jet_parallax_layout_speed&quot;:{&quot;unit&quot;:&quot;%&quot;,&quot;size&quot;:&quot;50&quot;,&quot;sizes&quot;:[]},&quot;jet_parallax_layout_bg_x&quot;:&quot;50&quot;,&quot;jet_parallax_layout_bg_y&quot;:&quot;50&quot;,&quot;jet_parallax_layout_image_tablet&quot;:{&quot;url&quot;:&quot;&quot;,&quot;id&quot;:&quot;&quot;,&quot;size&quot;:&quot;&quot;},&quot;jet_parallax_layout_image_mobile&quot;:{&quot;url&quot;:&quot;&quot;,&quot;id&quot;:&quot;&quot;,&quot;size&quot;:&quot;&quot;},&quot;jet_parallax_layout_type&quot;:&quot;scroll&quot;,&quot;jet_parallax_layout_direction&quot;:&quot;1&quot;,&quot;jet_parallax_layout_fx_direction&quot;:null,&quot;jet_parallax_layout_z_index&quot;:&quot;&quot;,&quot;jet_parallax_layout_bg_x_tablet&quot;:&quot;&quot;,&quot;jet_parallax_layout_bg_x_mobile&quot;:&quot;&quot;,&quot;jet_parallax_layout_bg_y_tablet&quot;:&quot;&quot;,&quot;jet_parallax_layout_bg_y_mobile&quot;:&quot;&quot;,&quot;jet_parallax_layout_bg_size&quot;:&quot;auto&quot;,&quot;jet_parallax_layout_bg_size_tablet&quot;:&quot;&quot;,&quot;jet_parallax_layout_bg_size_mobile&quot;:&quot;&quot;,&quot;jet_parallax_layout_animation_prop&quot;:&quot;transform&quot;,&quot;jet_parallax_layout_on&quot;:[&quot;desktop&quot;,&quot;tablet&quot;]}]}\">\n\t\t\t\t\t\t<div class=\"elementor-container elementor-column-gap-default\">\n\t\t\t\t\t<div class=\"elementor-column elementor-col-100 elementor-top-column elementor-element elementor-element-b31f172\" data-id=\"b31f172\" data-element_type=\"column\">\n\t\t\t<div class=\"elementor-widget-wrap elementor-element-populated\">\n\t\t\t\t\t\t<div class=\"elementor-element elementor-element-3f3d02c elementor-widget elementor-widget-text-editor\" data-id=\"3f3d02c\" data-element_type=\"widget\" data-widget_type=\"text-editor.default\">\n\t\t\t\t<div class=\"elementor-widget-container\">\n\t\t\t\t\t\t\t\t\t<p>Les questions relatives \u00e0 la protection des donn\u00e9es priv\u00e9es sont parmi les grandes pr\u00e9occupations de Aventure Pyr\u00e9n\u00e9enne. Afin de garantir une parfaite transparence, la soci\u00e9t\u00e9 a r\u00e9dig\u00e9 une Politique de Confidentialit\u00e9.<\/p>\n<p><\/p>\n<p>Dans le cadre de sa d\u00e9marche, Aventure Pyr\u00e9n\u00e9enne est \u00e0 l\u2019\u00e9coute de ses Clients (d\u00e9nomm\u00e9es ci-apr\u00e8s le \u00ab Client \u00bb ou l\u2019 \u00ab Utilisateur \u00bb, ou l\u2019\u00ab Internaute \u00bb, ou le \u00ab Visiteur \u00bb). Aussi, en cas de question sur la pr\u00e9sente politique de confidentialit\u00e9, le client est invit\u00e9 \u00e0 prendre contact par e-mail (aventure-pyreneenne@orange.fr) ou tout autre moyen afin d\u2019obtenir de plus amples renseignements.<\/p>\n<p><\/p>\n<h4 lang=\"zxx\" align=\"justify\"><strong><span lang=\"fr-FR\">1 \u2013 Protection des donn\u00e9es personnelles selon la loi<\/span><\/strong><span lang=\"fr-FR\"><br><\/span><\/h4>\n<p>La collecte et le traitement des Donn\u00e9es Personnelles, effectu\u00e9s lorsque le Client utilise les Services, sont r\u00e9alis\u00e9s conform\u00e9ment au r\u00e8glement (UE) 2016\/679 du Parlement europ\u00e9en et du Conseil du 27 avril 2016 applicable \u00e0 compter du 25 mai 2018 ( \u00ab le r\u00e8glement europ\u00e9en sur la protection des donn\u00e9es \u00bb ou RGPD).<\/p>\n<p><\/p>\n<p>Le traitement des donn\u00e9es a fait l\u2019objet d\u2019une d\u00e9claration \u00e0 la CNIL. Vous disposez d\u2019un droit d\u2019acc\u00e8s, de modification, de rectification et de suppression des donn\u00e9es vous concernant, \u00e0 tout moment. Pour exercer ce droit, il vous suffit d\u2019adresser votre demande par courrier postal au si\u00e8ge social de Aventure Pyr\u00e9n\u00e9enne, 41 Avenue Emmanuel Brousse 66120 Font-Romeu ; ou par e-mail aventure-pyreneenne@orange.fr.<\/p>\n<p><\/p>\n<p>Aventure Pyr\u00e9n\u00e9enne mettra tout en \u0153uvre pour r\u00e9pondre \u00e0 la requ\u00eate du Client, dans le respect du d\u00e9lai l\u00e9gal.<\/p>\n<p lang=\"zxx\" align=\"justify\"><span lang=\"fr-FR\">&nbsp;<\/span><\/p>\n<h4 style=\"margin-bottom: 0cm; line-height: 100%;\"><strong><span lang=\"fr-FR\">2 \u2013 <\/span>G\u00e9n\u00e9ralit\u00e9s sur les cookies et les donn\u00e9es collect\u00e9es lors de votre visite<br><\/strong><\/h4>\n<p>Lorsque l\u2019internaute acc\u00e8de au site Web d\u2019Aventure Pyr\u00e9n\u00e9enne, certaines donn\u00e9es \u00e0 caract\u00e8re non personnel sont conserv\u00e9es.<\/p>\n<p><\/p>\n<p>Ces informations, collect\u00e9es de mani\u00e8re automatique \u00e0 l\u2019aide de diverses technologies, ne permettent pas de d\u2019identifier pr\u00e9cis\u00e9ment l\u2019internaute. En cons\u00e9quence, ces informations ne sont pas consid\u00e9r\u00e9es comme \u00e9tant des Donn\u00e9es Personnelles.<\/p>\n<p><\/p>\n<p>Le Site Web peut utiliser ces informations et les croiser avec d\u2019autres informations, afin de m\u00e9moriser, par exemple, le nombre total de visiteurs acc\u00e9dant au Site, le nombre de visiteurs consultant chaque page du Site, ainsi que le nom de domaine du fournisseur de Services internet de chaque visiteur. Il est important de souligner qu\u2019aucune Donn\u00e9e Personnelle n\u2019est disponible ou utilis\u00e9e au cours de ce processus.<\/p>\n<p><\/p>\n<p>En exploitant le Site Web, Aventure Pyr\u00e9n\u00e9enne a recours \u00e0 la technologie appel\u00e9e \u00ab&nbsp;cookies&nbsp;\u00bb. Un cookie est une information que l\u2019ordinateur h\u00e9bergeant le Site Web fournit au navigateur de l\u2019internaute lorsque il acc\u00e8de \u00e0 notre Site. Les cookies contribuent \u00e0 fournir une fonctionnalit\u00e9 suppl\u00e9mentaire au Site internet et permettent d\u2019analyser plus pr\u00e9cis\u00e9ment son utilisation. Par exemple, le Site Web peut param\u00e9trer un cookie sur le navigateur de l\u2019utilisateur afin de permettre l\u2019acc\u00e8s au Site en \u00e9vitant de devoir saisir le mot de passe plus d\u2019une fois.<\/p>\n<p><\/p>\n<p>Dans certains cas, le consentement \u00e9crit pr\u00e9alable sera demand\u00e9 afin de pouvoir utiliser certains types de cookies. Dans les cas o\u00f9 l\u2019utilisation des cookies est effective, Aventure Pyr\u00e9n\u00e9enne ne collecte des renseignements personnels qu\u2019avec votre autorisation. Pour plus de renseignement sur les cookies et sur leur d\u00e9sactivation, se reporter \u00e0 la rubrique aide des navigateurs internet.<\/p>\n<p><\/p>\n<p>Aventure Pyr\u00e9n\u00e9enne recommande de laisser les cookies activ\u00e9s dans la mesure o\u00f9 ils permettent de tirer parti de certaines fonctions du Site et des Services.<\/p>\n<p><\/p>\n<p lang=\"fr-FR\" align=\"justify\">\n<\/p><h4 lang=\"zxx\" align=\"justify\"><strong><span lang=\"fr-FR\">3\u2013 Collecte des donn\u00e9es <br><\/span><\/strong><\/h4>\n<p>Aventure Pyr\u00e9n\u00e9enne collecte des donn\u00e9es \u00e0 caract\u00e8re personnel lors de la visite des utilisateurs sur le Site et de l\u2019utilisation du Service et en particulier :<\/p>\n<p><\/p>\n<ul>\n<li>lorsqu\u2019un Client r\u00e9serve une Activit\u00e9&nbsp;: Cela inclut des donn\u00e9es personnelles telles que noms, adresses (partielles ou compl\u00e8tes), num\u00e9ros de t\u00e9l\u00e9phone, informations de cartes de paiement, et d\u2019autres informations pouvant amener \u00e0 l\u2019identification de l\u2019Utilisateur. Cela peut \u00e9galement inclure des informations concernant d\u2019autres individus, et dans ce cas, vous devez obtenir le consentement de ces autres individus avant de nous fournir leurs informations personnelles.<\/li>\n<li>lors de l\u2019inscription \u00e0 une newsletter&nbsp;: Cela inclut des donn\u00e9es personnelles telles que noms et adresses e-mail.<\/li>\n<\/ul>\n<div>\n<p>A aucun moment Aventure Pyr\u00e9n\u00e9enne ne stocke d\u2019informations li\u00e9es aux moyens de paiement utilis\u00e9s sur le Site, sur ses serveurs ou dans ses syst\u00e8mes.Dans le cadre de son activit\u00e9 et des produits propos\u00e9s \u00e0 la vente, Aventure Pyr\u00e9n\u00e9enne recueille des donn\u00e9es. Ces donn\u00e9es qui permettent d\u2019identifier, directement ou indirectement, une personne, collect\u00e9es lors de la commande sur le Site Web. Ces informations sont stock\u00e9es par la Vakario, d\u00e9veloppant la solution de vente en ligne utilis\u00e9e par Aventure Pyr\u00e9n\u00e9enne.<\/p>\n<\/div>\n<div>&nbsp;<\/div>\n<h4 lang=\"zxx\" align=\"justify\"><strong><span lang=\"fr-FR\">4 \u2013 Utilisation de vos donn\u00e9es personelles<br><\/span><\/strong><\/h4>\n<p>Aventure Pyr\u00e9n\u00e9enne utilise les donn\u00e9es \u00e0 caract\u00e8re personnel ainsi collect\u00e9es conform\u00e9ment \u00e0 la r\u00e9glementation en vigueur et dans le cadre des finalit\u00e9s suivantes :<\/p>\n<ul>\n<li>en vue d\u2019assurer le bon d\u00e9roulement de l\u2019utilisation du Site et du Service ainsi que de s\u2019assurer que le Service est bien utilis\u00e9 en conformit\u00e9 avec les Conditions G\u00e9n\u00e9rales ;<\/li>\n<li>pour des op\u00e9rations de prospection commerciale mises en \u0153uvre par la Soci\u00e9t\u00e9 sauf si l\u2019Utilisateur s\u2019y est oppos\u00e9.<\/li>\n<li>en cas d\u2019infraction \u00e0 une r\u00e9glementation si une autorit\u00e9 en fait la demande et justifie celle-ci au regard de la r\u00e9glementation en vigueur ;<\/li>\n<\/ul>\t\t\t\t\t\t\t\t<\/div>\n\t\t\t\t<\/div>\n\t\t\t\t\t<\/div>\n\t\t<\/div>\n\t\t\t\t\t<\/div>\n\t\t<\/section>\n\t\t\t\t<\/div>\n\t\t","protected":false},"excerpt":{"rendered":"<p>Politique de confidentialit\u00e9 Les questions relatives \u00e0 la protection des donn\u00e9es priv\u00e9es sont parmi les grandes pr\u00e9occupations de Aventure Pyr\u00e9n\u00e9enne. Afin de garantir une parfaite transparence, la soci\u00e9t\u00e9 a r\u00e9dig\u00e9 une Politique de Confidentialit\u00e9. Dans le cadre de sa d\u00e9marche, Aventure Pyr\u00e9n\u00e9enne est \u00e0 l&rsquo;\u00e9coute de ses Clients (d\u00e9nomm\u00e9es ci-apr\u00e8s le \u00c2\u00ab Client \u00c2\u00bb ou [&hellip;]<\/p>\n","protected":false},"author":2,"featured_media":0,"parent":0,"menu_order":0,"comment_status":"closed","ping_status":"closed","template":"elementor_header_footer","meta":{"_acf_changed":false,"footnotes":""},"class_list":["post-1593","page","type-page","status-publish","hentry"],"acf":[],"yoast_head":"<!-- This site is optimized with the Yoast SEO plugin v26.8 - https:\/\/yoast.com\/product\/yoast-seo-wordpress\/ -->\n<title>Charte de confidentialit\u00e9 - Aventure Pyr\u00e9n\u00e9enne<\/title>\n<meta name=\"robots\" content=\"noindex, follow, max-snippet:-1, max-image-preview:large, max-video-preview:-1\" \/>\n<meta property=\"og:locale\" content=\"fr_FR\" \/>\n<meta property=\"og:type\" content=\"article\" \/>\n<meta property=\"og:title\" content=\"Charte de confidentialit\u00e9 - Aventure Pyr\u00e9n\u00e9enne\" \/>\n<meta property=\"og:description\" content=\"Politique de confidentialit\u00e9 Les questions relatives \u00e0 la protection des donn\u00e9es priv\u00e9es sont parmi les grandes pr\u00e9occupations de Aventure Pyr\u00e9n\u00e9enne. Afin de garantir une parfaite transparence, la soci\u00e9t\u00e9 a r\u00e9dig\u00e9 une Politique de Confidentialit\u00e9. Dans le cadre de sa d\u00e9marche, Aventure Pyr\u00e9n\u00e9enne est \u00e0 l&rsquo;\u00e9coute de ses Clients (d\u00e9nomm\u00e9es ci-apr\u00e8s le \u00c2\u00ab Client \u00c2\u00bb ou [&hellip;]\" \/>\n<meta property=\"og:url\" content=\"https:\/\/www.maj.aventure-pyreneenne.com\/index.php\/charte-confidentialite\/\" \/>\n<meta property=\"og:site_name\" content=\"Aventure Pyr\u00e9n\u00e9enne\" \/>\n<meta property=\"article:modified_time\" content=\"2023-01-06T18:48:41+00:00\" \/>\n<meta name=\"twitter:card\" content=\"summary_large_image\" \/>\n<meta name=\"twitter:label1\" content=\"Dur\u00e9e de lecture estim\u00e9e\" \/>\n\t<meta name=\"twitter:data1\" content=\"5 minutes\" \/>\n<script type=\"application\/ld+json\" class=\"yoast-schema-graph\">{\"@context\":\"https:\/\/schema.org\",\"@graph\":[{\"@type\":\"WebPage\",\"@id\":\"https:\/\/www.maj.aventure-pyreneenne.com\/index.php\/charte-confidentialite\/\",\"url\":\"https:\/\/www.maj.aventure-pyreneenne.com\/index.php\/charte-confidentialite\/\",\"name\":\"Charte de confidentialit\u00e9 - Aventure Pyr\u00e9n\u00e9enne\",\"isPartOf\":{\"@id\":\"https:\/\/www.maj.aventure-pyreneenne.com\/#website\"},\"datePublished\":\"2020-01-19T11:13:23+00:00\",\"dateModified\":\"2023-01-06T18:48:41+00:00\",\"breadcrumb\":{\"@id\":\"https:\/\/www.maj.aventure-pyreneenne.com\/index.php\/charte-confidentialite\/#breadcrumb\"},\"inLanguage\":\"fr-FR\",\"potentialAction\":[{\"@type\":\"ReadAction\",\"target\":[\"https:\/\/www.maj.aventure-pyreneenne.com\/index.php\/charte-confidentialite\/\"]}]},{\"@type\":\"BreadcrumbList\",\"@id\":\"https:\/\/www.maj.aventure-pyreneenne.com\/index.php\/charte-confidentialite\/#breadcrumb\",\"itemListElement\":[{\"@type\":\"ListItem\",\"position\":1,\"name\":\"Accueil\",\"item\":\"https:\/\/www.maj.aventure-pyreneenne.com\/\"},{\"@type\":\"ListItem\",\"position\":2,\"name\":\"Charte de confidentialit\u00e9\"}]},{\"@type\":\"WebSite\",\"@id\":\"https:\/\/www.maj.aventure-pyreneenne.com\/#website\",\"url\":\"https:\/\/www.maj.aventure-pyreneenne.com\/\",\"name\":\"Aventure Pyr\u00e9n\u00e9enne\",\"description\":\"#LiveYourAdventure\",\"potentialAction\":[{\"@type\":\"SearchAction\",\"target\":{\"@type\":\"EntryPoint\",\"urlTemplate\":\"https:\/\/www.maj.aventure-pyreneenne.com\/?s={search_term_string}\"},\"query-input\":{\"@type\":\"PropertyValueSpecification\",\"valueRequired\":true,\"valueName\":\"search_term_string\"}}],\"inLanguage\":\"fr-FR\"}]}<\/script>\n<!-- \/ Yoast SEO plugin. -->","yoast_head_json":{"title":"Charte de confidentialit\u00e9 - Aventure Pyr\u00e9n\u00e9enne","robots":{"index":"noindex","follow":"follow","max-snippet":"max-snippet:-1","max-image-preview":"max-image-preview:large","max-video-preview":"max-video-preview:-1"},"og_locale":"fr_FR","og_type":"article","og_title":"Charte de confidentialit\u00e9 - Aventure Pyr\u00e9n\u00e9enne","og_description":"Politique de confidentialit\u00e9 Les questions relatives \u00e0 la protection des donn\u00e9es priv\u00e9es sont parmi les grandes pr\u00e9occupations de Aventure Pyr\u00e9n\u00e9enne. Afin de garantir une parfaite transparence, la soci\u00e9t\u00e9 a r\u00e9dig\u00e9 une Politique de Confidentialit\u00e9. Dans le cadre de sa d\u00e9marche, Aventure Pyr\u00e9n\u00e9enne est \u00e0 l&rsquo;\u00e9coute de ses Clients (d\u00e9nomm\u00e9es ci-apr\u00e8s le \u00c2\u00ab Client \u00c2\u00bb ou [&hellip;]","og_url":"https:\/\/www.maj.aventure-pyreneenne.com\/index.php\/charte-confidentialite\/","og_site_name":"Aventure Pyr\u00e9n\u00e9enne","article_modified_time":"2023-01-06T18:48:41+00:00","twitter_card":"summary_large_image","twitter_misc":{"Dur\u00e9e de lecture estim\u00e9e":"5 minutes"},"schema":{"@context":"https:\/\/schema.org","@graph":[{"@type":"WebPage","@id":"https:\/\/www.maj.aventure-pyreneenne.com\/index.php\/charte-confidentialite\/","url":"https:\/\/www.maj.aventure-pyreneenne.com\/index.php\/charte-confidentialite\/","name":"Charte de confidentialit\u00e9 - Aventure Pyr\u00e9n\u00e9enne","isPartOf":{"@id":"https:\/\/www.maj.aventure-pyreneenne.com\/#website"},"datePublished":"2020-01-19T11:13:23+00:00","dateModified":"2023-01-06T18:48:41+00:00","breadcrumb":{"@id":"https:\/\/www.maj.aventure-pyreneenne.com\/index.php\/charte-confidentialite\/#breadcrumb"},"inLanguage":"fr-FR","potentialAction":[{"@type":"ReadAction","target":["https:\/\/www.maj.aventure-pyreneenne.com\/index.php\/charte-confidentialite\/"]}]},{"@type":"BreadcrumbList","@id":"https:\/\/www.maj.aventure-pyreneenne.com\/index.php\/charte-confidentialite\/#breadcrumb","itemListElement":[{"@type":"ListItem","position":1,"name":"Accueil","item":"https:\/\/www.maj.aventure-pyreneenne.com\/"},{"@type":"ListItem","position":2,"name":"Charte de confidentialit\u00e9"}]},{"@type":"WebSite","@id":"https:\/\/www.maj.aventure-pyreneenne.com\/#website","url":"https:\/\/www.maj.aventure-pyreneenne.com\/","name":"Aventure Pyr\u00e9n\u00e9enne","description":"#LiveYourAdventure","potentialAction":[{"@type":"SearchAction","target":{"@type":"EntryPoint","urlTemplate":"https:\/\/www.maj.aventure-pyreneenne.com\/?s={search_term_string}"},"query-input":{"@type":"PropertyValueSpecification","valueRequired":true,"valueName":"search_term_string"}}],"inLanguage":"fr-FR"}]}},"_links":{"self":[{"href":"https:\/\/www.maj.aventure-pyreneenne.com\/index.php\/wp-json\/wp\/v2\/pages\/1593","targetHints":{"allow":["GET"]}}],"collection":[{"href":"https:\/\/www.maj.aventure-pyreneenne.com\/index.php\/wp-json\/wp\/v2\/pages"}],"about":[{"href":"https:\/\/www.maj.aventure-pyreneenne.com\/index.php\/wp-json\/wp\/v2\/types\/page"}],"author":[{"embeddable":true,"href":"https:\/\/www.maj.aventure-pyreneenne.com\/index.php\/wp-json\/wp\/v2\/users\/2"}],"replies":[{"embeddable":true,"href":"https:\/\/www.maj.aventure-pyreneenne.com\/index.php\/wp-json\/wp\/v2\/comments?post=1593"}],"version-history":[{"count":24,"href":"https:\/\/www.maj.aventure-pyreneenne.com\/index.php\/wp-json\/wp\/v2\/pages\/1593\/revisions"}],"predecessor-version":[{"id":6891,"href":"https:\/\/www.maj.aventure-pyreneenne.com\/index.php\/wp-json\/wp\/v2\/pages\/1593\/revisions\/6891"}],"wp:attachment":[{"href":"https:\/\/www.maj.aventure-pyreneenne.com\/index.php\/wp-json\/wp\/v2\/media?parent=1593"}],"curies":[{"name":"wp","href":"https:\/\/api.w.org\/{rel}","templated":true}]}}