{"id":6074,"date":"2022-04-22T07:34:09","date_gmt":"2022-04-22T07:34:09","guid":{"rendered":"https:\/\/www.maj.aventure-pyreneenne.com\/?page_id=6074"},"modified":"2023-04-12T19:00:58","modified_gmt":"2023-04-12T19:00:58","slug":"la-charte-aventure-pyreneenne","status":"publish","type":"page","link":"https:\/\/www.maj.aventure-pyreneenne.com\/index.php\/la-charte-aventure-pyreneenne\/","title":{"rendered":"La charte Aventure Pyr\u00e9n\u00e9enne"},"content":{"rendered":"\t\t<div data-elementor-type=\"wp-post\" data-elementor-id=\"6074\" class=\"elementor elementor-6074\">\n\t\t\t\t\t\t<section class=\"elementor-section elementor-top-section elementor-element elementor-element-9e9dad7 elementor-section-stretched elementor-section-height-min-height elementor-section-full_width elementor-section-height-default elementor-section-items-middle\" data-id=\"9e9dad7\" data-element_type=\"section\" data-settings=\"{&quot;stretch_section&quot;:&quot;section-stretched&quot;,&quot;jet_parallax_layout_list&quot;:[{&quot;jet_parallax_layout_image&quot;:{&quot;url&quot;:&quot;&quot;,&quot;id&quot;:&quot;&quot;,&quot;size&quot;:&quot;&quot;},&quot;_id&quot;:&quot;24fcdc7&quot;,&quot;jet_parallax_layout_speed&quot;:{&quot;unit&quot;:&quot;%&quot;,&quot;size&quot;:&quot;50&quot;,&quot;sizes&quot;:[]},&quot;jet_parallax_layout_bg_x&quot;:&quot;50&quot;,&quot;jet_parallax_layout_bg_y&quot;:&quot;50&quot;,&quot;jet_parallax_layout_image_tablet&quot;:{&quot;url&quot;:&quot;&quot;,&quot;id&quot;:&quot;&quot;,&quot;size&quot;:&quot;&quot;},&quot;jet_parallax_layout_image_mobile&quot;:{&quot;url&quot;:&quot;&quot;,&quot;id&quot;:&quot;&quot;,&quot;size&quot;:&quot;&quot;},&quot;jet_parallax_layout_type&quot;:&quot;scroll&quot;,&quot;jet_parallax_layout_direction&quot;:&quot;1&quot;,&quot;jet_parallax_layout_fx_direction&quot;:null,&quot;jet_parallax_layout_z_index&quot;:&quot;&quot;,&quot;jet_parallax_layout_bg_x_tablet&quot;:&quot;&quot;,&quot;jet_parallax_layout_bg_x_mobile&quot;:&quot;&quot;,&quot;jet_parallax_layout_bg_y_tablet&quot;:&quot;&quot;,&quot;jet_parallax_layout_bg_y_mobile&quot;:&quot;&quot;,&quot;jet_parallax_layout_bg_size&quot;:&quot;auto&quot;,&quot;jet_parallax_layout_bg_size_tablet&quot;:&quot;&quot;,&quot;jet_parallax_layout_bg_size_mobile&quot;:&quot;&quot;,&quot;jet_parallax_layout_animation_prop&quot;:&quot;transform&quot;,&quot;jet_parallax_layout_on&quot;:[&quot;desktop&quot;,&quot;tablet&quot;]}],&quot;background_background&quot;:&quot;classic&quot;,&quot;shape_divider_bottom&quot;:&quot;curve&quot;,&quot;shape_divider_bottom_negative&quot;:&quot;yes&quot;}\">\n\t\t\t\t\t\t\t<div class=\"elementor-background-overlay\"><\/div>\n\t\t\t\t\t\t<div class=\"elementor-shape elementor-shape-bottom\" aria-hidden=\"true\" data-negative=\"true\">\n\t\t\t<svg xmlns=\"http:\/\/www.w3.org\/2000\/svg\" viewBox=\"0 0 1000 100\" preserveAspectRatio=\"none\">\n\t<path class=\"elementor-shape-fill\" d=\"M500,97C126.7,96.3,0.8,19.8,0,0v100l1000,0V1C1000,19.4,873.3,97.8,500,97z\"\/>\n<\/svg>\t\t<\/div>\n\t\t\t\t\t<div class=\"elementor-container elementor-column-gap-default\">\n\t\t\t\t\t<div class=\"elementor-column elementor-col-100 elementor-top-column elementor-element elementor-element-81ad74f\" data-id=\"81ad74f\" data-element_type=\"column\" data-settings=\"{&quot;background_background&quot;:&quot;classic&quot;}\">\n\t\t\t<div class=\"elementor-widget-wrap elementor-element-populated\">\n\t\t\t\t\t\t<div class=\"elementor-element elementor-element-b9b73a1 elementor-tablet-align-center elementor-align-right elementor-widget__width-auto elementor-widget elementor-widget-raven-heading\" data-id=\"b9b73a1\" data-element_type=\"widget\" data-widget_type=\"raven-heading.default\">\n\t\t\t\t<div class=\"elementor-widget-container\">\n\t\t\t\t\t\t\t<div class=\"raven-widget-wrapper\"><h2 class=\"raven-heading raven-heading-h2\"><span class=\"raven-heading-title \">Nous nous engageons pour le futur...<\/span><\/h2><\/div>\n\t\t\t\t\t\t<\/div>\n\t\t\t\t<\/div>\n\t\t\t\t\t<\/div>\n\t\t<\/div>\n\t\t\t\t\t<\/div>\n\t\t<\/section>\n\t\t\t\t<section class=\"elementor-section elementor-top-section elementor-element elementor-element-cbca63e elementor-section-boxed elementor-section-height-default elementor-section-height-default\" data-id=\"cbca63e\" data-element_type=\"section\" data-settings=\"{&quot;jet_parallax_layout_list&quot;:[{&quot;jet_parallax_layout_image&quot;:{&quot;url&quot;:&quot;&quot;,&quot;id&quot;:&quot;&quot;,&quot;size&quot;:&quot;&quot;},&quot;_id&quot;:&quot;cf95016&quot;,&quot;jet_parallax_layout_speed&quot;:{&quot;unit&quot;:&quot;%&quot;,&quot;size&quot;:&quot;50&quot;,&quot;sizes&quot;:[]},&quot;jet_parallax_layout_bg_x&quot;:&quot;50&quot;,&quot;jet_parallax_layout_bg_y&quot;:&quot;50&quot;,&quot;jet_parallax_layout_image_tablet&quot;:{&quot;url&quot;:&quot;&quot;,&quot;id&quot;:&quot;&quot;,&quot;size&quot;:&quot;&quot;},&quot;jet_parallax_layout_image_mobile&quot;:{&quot;url&quot;:&quot;&quot;,&quot;id&quot;:&quot;&quot;,&quot;size&quot;:&quot;&quot;},&quot;jet_parallax_layout_type&quot;:&quot;scroll&quot;,&quot;jet_parallax_layout_direction&quot;:&quot;1&quot;,&quot;jet_parallax_layout_fx_direction&quot;:null,&quot;jet_parallax_layout_z_index&quot;:&quot;&quot;,&quot;jet_parallax_layout_bg_x_tablet&quot;:&quot;&quot;,&quot;jet_parallax_layout_bg_x_mobile&quot;:&quot;&quot;,&quot;jet_parallax_layout_bg_y_tablet&quot;:&quot;&quot;,&quot;jet_parallax_layout_bg_y_mobile&quot;:&quot;&quot;,&quot;jet_parallax_layout_bg_size&quot;:&quot;auto&quot;,&quot;jet_parallax_layout_bg_size_tablet&quot;:&quot;&quot;,&quot;jet_parallax_layout_bg_size_mobile&quot;:&quot;&quot;,&quot;jet_parallax_layout_animation_prop&quot;:&quot;transform&quot;,&quot;jet_parallax_layout_on&quot;:[&quot;desktop&quot;,&quot;tablet&quot;]}]}\">\n\t\t\t\t\t\t<div class=\"elementor-container elementor-column-gap-default\">\n\t\t\t\t\t<div class=\"elementor-column elementor-col-100 elementor-top-column elementor-element elementor-element-b31f172\" data-id=\"b31f172\" data-element_type=\"column\">\n\t\t\t<div class=\"elementor-widget-wrap elementor-element-populated\">\n\t\t\t\t\t\t<div class=\"elementor-element elementor-element-3f3d02c elementor-widget elementor-widget-text-editor\" data-id=\"3f3d02c\" data-element_type=\"widget\" data-widget_type=\"text-editor.default\">\n\t\t\t\t<div class=\"elementor-widget-container\">\n\t\t\t\t\t\t\t\t\t<h2>La charte Aventure Pyr\u00e9n\u00e9enne<\/h2>\n<p>Se pr\u00e9senter comme \u00e9tant un acteur \u00e9conomique responsable c&rsquo;est bien. \u00catre coh\u00e9rent sur le terrain c\u2019est mieux. C&rsquo;est le choix r\u00e9alis\u00e9 par l&rsquo;\u00e9quipe d&rsquo;Aventure Pyr\u00e9n\u00e9enne. Si nous ne pr\u00e9tendons pas ma\u00eetriser enti\u00e8rement notre empreinte \u00e9cologique, nous faisons notre possible pour \u00eatre vertueux et transparents sur notre fonctionnement.<\/p>\n<h4>Environnement<\/h4>\n<ul>\n<li><b>Nous traitons de mani\u00e8re \u00e9coresponsable nos d\u00e9chets. <\/b><br>Nous trions tous les d\u00e9chets de l&rsquo;agence et les d\u00e9chets g\u00e9n\u00e9r\u00e9s durant l&rsquo;encadrement de nos prestation<\/li>\n<li><b>Nous limitons autant que possible le packaging jetable<\/b> durant nos prestations. <br>Nous utilisons de la vaisselle jetable faite en mati\u00e8re naturelle (ex : bambou) ou de la vaisselle r\u00e9utilisable et limitons au strict minimum le conditionnement des denr\u00e9es alimentaires.<\/li>\n<li><b>Nos d\u00e9pliants et packaging sont imprim\u00e9s sur papier PEFC ou recycl\u00e9<\/b> (non chlor\u00e9) par l&rsquo;imprimerie locale Altiprint labellis\u00e9e <a href=\"https:\/\/www.imprimvert.fr\/\" target=\"_blank\" rel=\"noopener\">Imprim&rsquo;Vert<\/a>. <br>Ce label <span lang=\"fr\">Le label favorise la r\u00e9duction des impacts environnementaux engendr\u00e9s par l&rsquo;activit\u00e9 de l&rsquo;imprimerie.<\/span><\/li>\n<li><b>Nous veillons \u00e0 limiter autant que possible notre empreinte sur le milieu durant nos prestations<\/b>. <br>Il ne doit rester aucune trace de notre passage : ni place \u00e0 feu, ni pr\u00e9l\u00e8vement naturel (ex : coupe d&rsquo;arbre vivant)<\/li>\n<li><b>Nous sensibilisons notre client\u00e8le \u00e0 la protection de l&rsquo;environnement<\/b>.<br>Nous expliquons \u00e0 nos clients les enjeux environnementaux des milieux o\u00f9 nous nous trouvons et nous enseignons des gestes simples pouvant \u00eatre reproduis durant leurs prochaines excursion en pleine nature.<\/li>\n<\/ul>\n<h4>&nbsp;Responsabilit\u00e9 sociale<\/h4>\n<ul>\n<li><b>Nous s\u00e9lectionnons des partenaires qui nous ressemblent<\/b> <br>Nous choisissons prioritairement des acteurs locaux, responsables et passionn\u00e9s par leur m\u00e9tier.<\/li>\n<li><b>Nous vous proposons des produits alimentaires locaux et de qualit\u00e9<\/b>.<br>La viande et la charcuterie propos\u00e9s durant nos prestations provient de la <a href=\"https:\/\/boucheriepuig.fr\" target=\"_blank\" rel=\"noopener\">Boucherie Puig<\/a>. Une viande locale et de qualit\u00e9.<\/li>\n<li><b>Nous incitons nos partenaires \u00e0 prendre les m\u00eames engagements que nous.<\/b><\/li>\n<\/ul>\n<div>\n<h4>Responsabilit\u00e9 \u00e9conomique<\/h4>\n<\/div>\n<ul>\n<li><b>Nous ne faisons pas de dumping sur les prix. <\/b>Nos prix sont justes. Ils correspondent aux tendances du march\u00e9 et permettent de r\u00e9mun\u00e9rer correctement l&rsquo;ensemble des acteurs d&rsquo;Aventure Pyr\u00e9n\u00e9enne<\/li>\n<li><b>Nous vous proposons des exp\u00e9riences de qualit\u00e9<\/b> encadr\u00e9es par des professionnels passionn\u00e9s.<\/li>\n<li><b>Le mat\u00e9riel mis \u00e0 disposition durant nos prestations est norm\u00e9 et en bon \u00e9tat<\/b>.<\/li>\n<li><b>Nous sommes une organisation financi\u00e8rement transparente<\/b> et respectueuse de la r\u00e9glementation.<\/li>\n<\/ul>\n<h2>Notre engagement pour l&rsquo;avenir<\/h2>\n<p>Le futur c\u2019est toi, c\u2019est nous, donc nous faisons le maximum pour faire grandir la tribu de ceux qui sont soucieux de cr\u00e9er un avenir meilleur.<\/p>\n<p>Les plus jeunes sont nombreux \u00e0 comprendre les grands enjeux de l&rsquo;avenir : pollution, extinction de masse, in\u00e9galit\u00e9s sociales, r\u00e9chauffement climatique. Ils sont comme nous, paralys\u00e9s par l&rsquo;ampleur des actions \u00e0 mettre en place pour y rem\u00e9dier. Si nous voulons que les nouvelles g\u00e9n\u00e9rations passent \u00e0 l&rsquo;action et ne sombrent pas dans le d\u00e9sespoir, nous devons les accompagner.<\/p>\n<p>Faire de sa vie une aventure ce n&rsquo;est pas seulement repousser ses limites en pleine nature, c&rsquo;est aussi vivre en grand : mener des combats pour de grandes causes. Aventure Pyr\u00e9n\u00e9enne a choisi de financer des actions pour donner envie aux jeunes de s&rsquo;engager.<br>2023 est pour nous le d\u00e9but du chemin&#8230;<\/p>\n<h4>Le Programme d&rsquo;action 2023 : I am change !<\/h4>\n<div><b>Le film documentaire <a href=\"https:\/\/biggerthanus.film\/\" target=\"_blank\" rel=\"noopener\">Bigger Than Us<\/a><\/b> r\u00e9alis\u00e9 par Flore Vasseur et sorti en 2021 a \u00e9t\u00e9 une formidable point de d\u00e9part pour nous. Le documentaire vous fait d\u00e9couvrir de jeunes adultes activistes de diff\u00e9rents pays qui luttent pour les droits humains, le climat, la libert\u00e9 d&rsquo;expression, la justice sociale, l&rsquo;acc\u00e8s \u00e0 l&rsquo;\u00e9ducation ou l&rsquo;alimentation. Leur particularit\u00e9 commune est qu&rsquo;ils n&rsquo;ont pas attendu l&rsquo;\u00e2ge adulte pour s&rsquo;engager. Les plus jeunes avait \u00e0 peine 10 ans quand ils ont commenc\u00e9 \u00e0 mener le combat. <br>Le message du film est clair : non vous n&rsquo;\u00eates pas seuls alors ne vous laisser pas d\u00e9courager par l&rsquo;ampleur de la t\u00e2che parce que le changement vient<\/div>\n<div>&nbsp;<\/div>\n<div><b>Etape 1 : I am change <\/b><br>Le documentaire \u00ab\u00a0Bigger Than Us\u00a0\u00bb a \u00e9t\u00e9 projet\u00e9 dans les 2 classes de l&rsquo;\u00e9cole de Saint Pierre dels Forcats. Le visionnage a \u00e9t\u00e9 suivi de plusieurs temps d&rsquo;\u00e9change qui ont permis aux \u00e9l\u00e8ves de comprendre les enjeux de chacune des situations pr\u00e9sent\u00e9es dans le film. <br>L&rsquo;objectif de cette \u00e9tape \u00e9tait de montrer aux enfants que tout le monde peut agir quelque soit son \u00e2ge.<\/div>\n<div>&nbsp;<\/div>\n<div><b>Etape 2 : Je passe \u00e0 l&rsquo;action<\/b><\/div>\n<div>Les enfants ont particip\u00e9 \u00e0 la plantation d&rsquo;une haie champ\u00eatre sur la Ferme d&rsquo;Antoine Colomer. Au total, plus de 170 arbres et arbuste ont \u00e9t\u00e9 plant\u00e9 durant la journ\u00e9e du 4 Avril. Cette action a \u00e9t\u00e9 men\u00e9e en partenariat avec l&rsquo;association Arbre et Paysage 66.<br><\/div>\n<div><b>&nbsp;<\/b><\/div>\n<div style=\"text-align: center;\"><b>#LiveYourAdventure<\/b><\/div>\n<div>&nbsp;<\/div>\n<div>&nbsp;<\/div>\n<p><\/p>\t\t\t\t\t\t\t\t<\/div>\n\t\t\t\t<\/div>\n\t\t\t\t\t<\/div>\n\t\t<\/div>\n\t\t\t\t\t<\/div>\n\t\t<\/section>\n\t\t\t\t<\/div>\n\t\t","protected":false},"excerpt":{"rendered":"<p>Nous nous engageons pour le futur&#8230; La charte Aventure Pyr\u00e9n\u00e9enne Se pr\u00e9senter comme \u00e9tant un acteur \u00e9conomique responsable c&rsquo;est bien. \u00catre coh\u00e9rent sur le terrain c&rsquo;est mieux. C&rsquo;est le choix r\u00e9alis\u00e9 par l&rsquo;\u00e9quipe d&rsquo;Aventure Pyr\u00e9n\u00e9enne. Si nous ne pr\u00e9tendons pas ma\u00eetriser enti\u00e8rement notre empreinte \u00e9cologique, nous faisons notre possible pour \u00eatre vertueux et transparents sur [&hellip;]<\/p>\n","protected":false},"author":2,"featured_media":0,"parent":0,"menu_order":0,"comment_status":"closed","ping_status":"closed","template":"elementor_header_footer","meta":{"_acf_changed":false,"footnotes":""},"class_list":["post-6074","page","type-page","status-publish","hentry"],"acf":[],"yoast_head":"<!-- This site is optimized with the Yoast SEO plugin v26.8 - https:\/\/yoast.com\/product\/yoast-seo-wordpress\/ -->\n<title>La charte Aventure Pyr\u00e9n\u00e9enne - Aventure Pyr\u00e9n\u00e9enne<\/title>\n<meta name=\"robots\" content=\"noindex, follow, max-snippet:-1, max-image-preview:large, max-video-preview:-1\" \/>\n<meta property=\"og:locale\" content=\"fr_FR\" \/>\n<meta property=\"og:type\" content=\"article\" \/>\n<meta property=\"og:title\" content=\"La charte Aventure Pyr\u00e9n\u00e9enne - Aventure Pyr\u00e9n\u00e9enne\" \/>\n<meta property=\"og:description\" content=\"Nous nous engageons pour le futur&#8230; La charte Aventure Pyr\u00e9n\u00e9enne Se pr\u00e9senter comme \u00e9tant un acteur \u00e9conomique responsable c&rsquo;est bien. \u00catre coh\u00e9rent sur le terrain c&rsquo;est mieux. C&rsquo;est le choix r\u00e9alis\u00e9 par l&rsquo;\u00e9quipe d&rsquo;Aventure Pyr\u00e9n\u00e9enne. Si nous ne pr\u00e9tendons pas ma\u00eetriser enti\u00e8rement notre empreinte \u00e9cologique, nous faisons notre possible pour \u00eatre vertueux et transparents sur [&hellip;]\" \/>\n<meta property=\"og:url\" content=\"https:\/\/www.maj.aventure-pyreneenne.com\/index.php\/la-charte-aventure-pyreneenne\/\" \/>\n<meta property=\"og:site_name\" content=\"Aventure Pyr\u00e9n\u00e9enne\" \/>\n<meta property=\"article:modified_time\" content=\"2023-04-12T19:00:58+00:00\" \/>\n<meta name=\"twitter:card\" content=\"summary_large_image\" \/>\n<meta name=\"twitter:label1\" content=\"Dur\u00e9e de lecture estim\u00e9e\" \/>\n\t<meta name=\"twitter:data1\" content=\"4 minutes\" \/>\n<script type=\"application\/ld+json\" class=\"yoast-schema-graph\">{\"@context\":\"https:\/\/schema.org\",\"@graph\":[{\"@type\":\"WebPage\",\"@id\":\"https:\/\/www.maj.aventure-pyreneenne.com\/index.php\/la-charte-aventure-pyreneenne\/\",\"url\":\"https:\/\/www.maj.aventure-pyreneenne.com\/index.php\/la-charte-aventure-pyreneenne\/\",\"name\":\"La charte Aventure Pyr\u00e9n\u00e9enne - Aventure Pyr\u00e9n\u00e9enne\",\"isPartOf\":{\"@id\":\"https:\/\/www.maj.aventure-pyreneenne.com\/#website\"},\"datePublished\":\"2022-04-22T07:34:09+00:00\",\"dateModified\":\"2023-04-12T19:00:58+00:00\",\"breadcrumb\":{\"@id\":\"https:\/\/www.maj.aventure-pyreneenne.com\/index.php\/la-charte-aventure-pyreneenne\/#breadcrumb\"},\"inLanguage\":\"fr-FR\",\"potentialAction\":[{\"@type\":\"ReadAction\",\"target\":[\"https:\/\/www.maj.aventure-pyreneenne.com\/index.php\/la-charte-aventure-pyreneenne\/\"]}]},{\"@type\":\"BreadcrumbList\",\"@id\":\"https:\/\/www.maj.aventure-pyreneenne.com\/index.php\/la-charte-aventure-pyreneenne\/#breadcrumb\",\"itemListElement\":[{\"@type\":\"ListItem\",\"position\":1,\"name\":\"Accueil\",\"item\":\"https:\/\/www.maj.aventure-pyreneenne.com\/\"},{\"@type\":\"ListItem\",\"position\":2,\"name\":\"La charte Aventure Pyr\u00e9n\u00e9enne\"}]},{\"@type\":\"WebSite\",\"@id\":\"https:\/\/www.maj.aventure-pyreneenne.com\/#website\",\"url\":\"https:\/\/www.maj.aventure-pyreneenne.com\/\",\"name\":\"Aventure Pyr\u00e9n\u00e9enne\",\"description\":\"#LiveYourAdventure\",\"potentialAction\":[{\"@type\":\"SearchAction\",\"target\":{\"@type\":\"EntryPoint\",\"urlTemplate\":\"https:\/\/www.maj.aventure-pyreneenne.com\/?s={search_term_string}\"},\"query-input\":{\"@type\":\"PropertyValueSpecification\",\"valueRequired\":true,\"valueName\":\"search_term_string\"}}],\"inLanguage\":\"fr-FR\"}]}<\/script>\n<!-- \/ Yoast SEO plugin. -->","yoast_head_json":{"title":"La charte Aventure Pyr\u00e9n\u00e9enne - Aventure Pyr\u00e9n\u00e9enne","robots":{"index":"noindex","follow":"follow","max-snippet":"max-snippet:-1","max-image-preview":"max-image-preview:large","max-video-preview":"max-video-preview:-1"},"og_locale":"fr_FR","og_type":"article","og_title":"La charte Aventure Pyr\u00e9n\u00e9enne - Aventure Pyr\u00e9n\u00e9enne","og_description":"Nous nous engageons pour le futur&#8230; La charte Aventure Pyr\u00e9n\u00e9enne Se pr\u00e9senter comme \u00e9tant un acteur \u00e9conomique responsable c&rsquo;est bien. \u00catre coh\u00e9rent sur le terrain c&rsquo;est mieux. C&rsquo;est le choix r\u00e9alis\u00e9 par l&rsquo;\u00e9quipe d&rsquo;Aventure Pyr\u00e9n\u00e9enne. Si nous ne pr\u00e9tendons pas ma\u00eetriser enti\u00e8rement notre empreinte \u00e9cologique, nous faisons notre possible pour \u00eatre vertueux et transparents sur [&hellip;]","og_url":"https:\/\/www.maj.aventure-pyreneenne.com\/index.php\/la-charte-aventure-pyreneenne\/","og_site_name":"Aventure Pyr\u00e9n\u00e9enne","article_modified_time":"2023-04-12T19:00:58+00:00","twitter_card":"summary_large_image","twitter_misc":{"Dur\u00e9e de lecture estim\u00e9e":"4 minutes"},"schema":{"@context":"https:\/\/schema.org","@graph":[{"@type":"WebPage","@id":"https:\/\/www.maj.aventure-pyreneenne.com\/index.php\/la-charte-aventure-pyreneenne\/","url":"https:\/\/www.maj.aventure-pyreneenne.com\/index.php\/la-charte-aventure-pyreneenne\/","name":"La charte Aventure Pyr\u00e9n\u00e9enne - Aventure Pyr\u00e9n\u00e9enne","isPartOf":{"@id":"https:\/\/www.maj.aventure-pyreneenne.com\/#website"},"datePublished":"2022-04-22T07:34:09+00:00","dateModified":"2023-04-12T19:00:58+00:00","breadcrumb":{"@id":"https:\/\/www.maj.aventure-pyreneenne.com\/index.php\/la-charte-aventure-pyreneenne\/#breadcrumb"},"inLanguage":"fr-FR","potentialAction":[{"@type":"ReadAction","target":["https:\/\/www.maj.aventure-pyreneenne.com\/index.php\/la-charte-aventure-pyreneenne\/"]}]},{"@type":"BreadcrumbList","@id":"https:\/\/www.maj.aventure-pyreneenne.com\/index.php\/la-charte-aventure-pyreneenne\/#breadcrumb","itemListElement":[{"@type":"ListItem","position":1,"name":"Accueil","item":"https:\/\/www.maj.aventure-pyreneenne.com\/"},{"@type":"ListItem","position":2,"name":"La charte Aventure Pyr\u00e9n\u00e9enne"}]},{"@type":"WebSite","@id":"https:\/\/www.maj.aventure-pyreneenne.com\/#website","url":"https:\/\/www.maj.aventure-pyreneenne.com\/","name":"Aventure Pyr\u00e9n\u00e9enne","description":"#LiveYourAdventure","potentialAction":[{"@type":"SearchAction","target":{"@type":"EntryPoint","urlTemplate":"https:\/\/www.maj.aventure-pyreneenne.com\/?s={search_term_string}"},"query-input":{"@type":"PropertyValueSpecification","valueRequired":true,"valueName":"search_term_string"}}],"inLanguage":"fr-FR"}]}},"_links":{"self":[{"href":"https:\/\/www.maj.aventure-pyreneenne.com\/index.php\/wp-json\/wp\/v2\/pages\/6074","targetHints":{"allow":["GET"]}}],"collection":[{"href":"https:\/\/www.maj.aventure-pyreneenne.com\/index.php\/wp-json\/wp\/v2\/pages"}],"about":[{"href":"https:\/\/www.maj.aventure-pyreneenne.com\/index.php\/wp-json\/wp\/v2\/types\/page"}],"author":[{"embeddable":true,"href":"https:\/\/www.maj.aventure-pyreneenne.com\/index.php\/wp-json\/wp\/v2\/users\/2"}],"replies":[{"embeddable":true,"href":"https:\/\/www.maj.aventure-pyreneenne.com\/index.php\/wp-json\/wp\/v2\/comments?post=6074"}],"version-history":[{"count":70,"href":"https:\/\/www.maj.aventure-pyreneenne.com\/index.php\/wp-json\/wp\/v2\/pages\/6074\/revisions"}],"predecessor-version":[{"id":7483,"href":"https:\/\/www.maj.aventure-pyreneenne.com\/index.php\/wp-json\/wp\/v2\/pages\/6074\/revisions\/7483"}],"wp:attachment":[{"href":"https:\/\/www.maj.aventure-pyreneenne.com\/index.php\/wp-json\/wp\/v2\/media?parent=6074"}],"curies":[{"name":"wp","href":"https:\/\/api.w.org\/{rel}","templated":true}]}}